{"id":6,"date":"2017-01-25T20:24:26","date_gmt":"2017-01-25T20:24:26","guid":{"rendered":"https:\/\/najboljanegakose.wordpress.com\/?page_id=2"},"modified":"2019-04-06T11:59:38","modified_gmt":"2019-04-06T10:59:38","slug":"frizerski-salon-u-beogradu","status":"publish","type":"page","link":"https:\/\/beautystudiorefresh.rs\/blog\/frizerski-salon-u-beogradu\/","title":{"rendered":"Frizerski salon u Beogradu &#8211; Beauty studio Refresh blog"},"content":{"rendered":"<h2>Po\u0161tovanje,<\/h2>\n<p>Iza <strong>Beauty studio Refresh bloga<\/strong> stoji tim mladih ljudi koji ima \u017eelju da podigne svest o kosi glave.<\/p>\n<p>Nakon mnogo rada, iskustva koje smo stekli u svojim delatnostima re\u0161ili smo da napravimo ne\u0161to novo, a to je Beauty studio Refresh. Dobra i negovana kosa nam je imperativ. <strong>Frizerski salon u Beogradu<\/strong> u kome su sve frizure i tehnike bojenja kose apsolutno mogu\u0107e. Salon koji postoji od 2012. godine. Na \u010delu na\u0161eg tima je <a href=\"https:\/\/ivanablagojevic.com\">Ivana Blagojevi\u0107 profesionalni frizer<\/a> sa decenijskim iskustvom. Nakon zavr\u0161ene \u0161kole, dodatnih edukacija i rada u eminentnim frizerskim salonima, re\u0161ava da otvori svoj salon. Nastavlja da se edukuje i u\u017eiva u pru\u017eanju usluge kojom ste i vi sami ponosni. Ve\u0107 par godina je edukator brenda <a href=\"http:\/\/www.alfaparfmilano.com\/en\/\">Alfaparf Milano<\/a>. Osmeh i sre\u0107a nemaju cenu. Mo\u017eete pro\u010ditati i jedan Ivanin intervju o farbanju kose &#8211; <a href=\"https:\/\/beautystudiorefresh.rs\/blog\/intervju-ivana-blagojevic-frizer-tema-farbanje-kose\/\">https:\/\/beautystudiorefresh.rs\/blog\/intervju-ivana-blagojevic-frizer-tema-farbanje-kose\/<\/a> .<\/p>\n<p><strong>Do\u0111ite u na\u0161 kutak, frizerski salon u Beogradu i uverite se da \u0107ete odatle iza\u0107i potpuno refreshovani!<\/strong><\/p>\n<p><strong>Na\u0161a \u017eelja <\/strong>\u00a0je da kroz ovaj blog <strong>edukovanjem, informisanjem i savetovanjem<\/strong> mo\u017eete dobiti najbolje savete i tretman za va\u0161u kosu. Ono \u0161to bi \u017eeleli je da imate najbolju mogu\u0107u negu i uslugu ne bi li blistali. Ubrzan na\u010din \u017eivota nam je doneo i tu naviku da ne vodimo mnogo ra\u010duna o svojoj kosi, \u0161to je nedopustivo. Pored o\u010diju, kosa je ono prvo \u0161to ostavlja utisak o Vama. Trudi\u0107emo se da budemo uvek u trendu i toku sa novitetima. A na Vama je da nas samo pratite. Na\u0161 moto je &#8221; <strong>Kosa je kruna koju stalno nosite<\/strong>&#8221;. I naravno &#8221;<a href=\"https:\/\/investinyourhair.com\"><strong>Invest in your hair<\/strong><\/a>&#8221; &#8211; investirajte u va\u0161u kosu. U nastavku mo\u017eete videti na\u0161 instagram profil i uveriti se u kvalitet kose koja izlazi iz na\u0161eg salona. Poverenje se gradi godinama, zato po\u010dnimo u stvaranju poverenja koje \u0107e usre\u0107iti sve.<\/p>\n<h3 style=\"text-align: center;\">Srda\u010dno,<\/h3>\n<p style=\"text-align: center;\">Tim <strong><a href=\"http:\/\/beautystudiorefresh.rs\">Beauty Studio Refresh &#8211; Frizerski salon u Beogradu<\/a><\/strong><\/p>\n<figure id=\"attachment_511\" aria-describedby=\"caption-attachment-511\" style=\"width: 300px\" class=\"wp-caption aligncenter\"><img loading=\"lazy\" decoding=\"async\" class=\"size-medium wp-image-511\" src=\"http:\/\/beautystudiorefresh.rs\/blog\/wp-content\/uploads\/2018\/02\/17021870_834338230037376_7443113752623548245_n-300x68.jpg\" alt=\"frizerski salon u beogradu\" width=\"300\" height=\"68\" \/><figcaption id=\"caption-attachment-511\" class=\"wp-caption-text\">frizerski salon u beogradu<\/figcaption><\/figure>\n<p style=\"text-align: center;\">\r\n<div id=\"sb_instagram\"  class=\"sbi sbi_mob_col_1 sbi_tab_col_2 sbi_col_3 sbi_width_resp\" style=\"padding-bottom: 10px;width: 100%;\" data-feedid=\"sbi_#12\"  data-res=\"auto\" data-cols=\"3\" data-colsmobile=\"1\" data-colstablet=\"2\" data-num=\"12\" data-nummobile=\"\" data-shortcode-atts=\"{&quot;cachetime&quot;:30}\"  data-postid=\"6\" data-locatornonce=\"0d6814ba0b\" data-sbi-flags=\"favorLocal,gdpr\">\r\n\t\r\n    <div id=\"sbi_images\"  style=\"padding: 5px;\">\r\n\t\t    <\/div>\r\n\r\n\t<div id=\"sbi_load\" >\r\n\r\n\t\r\n\t\r\n<\/div>\r\n\r\n\t    <span class=\"sbi_resized_image_data\" data-feed-id=\"sbi_#12\" data-resized=\"[]\">\n\t<\/span>\n\t<\/div>\r\n\r\n<\/p>\n<p><a href=\"\/\/www.pinterest.com\/pin\/create\/button\/\" data-pin-do=\"buttonBookmark\" data-pin-color=\"red\" data-pin-height=\"128\"><img decoding=\"async\" src=\"\/\/assets.pinterest.com\/images\/pidgets\/pinit_fg_en_rect_red_28.png\" \/><\/a><\/p>","protected":false},"excerpt":{"rendered":"<p>This is just a short excerpt for the about&nbsp;page.<\/p>\n","protected":false},"author":1,"featured_media":0,"parent":0,"menu_order":1,"comment_status":"closed","ping_status":"closed","template":"","meta":{"_exactmetrics_skip_tracking":false,"_exactmetrics_sitenote_active":false,"_exactmetrics_sitenote_note":"","_exactmetrics_sitenote_category":0,"footnotes":""},"yoast_head":"<!-- This site is optimized with the Yoast SEO plugin v22.4 - https:\/\/yoast.com\/wordpress\/plugins\/seo\/ -->\n<title>Frizerski salon u Beogradu - Beauty studio Refresh blog - Beauty Studio Refresh blog<\/title>\n<meta name=\"description\" content=\"Iza Frizerski salon u Beogradu - Beauty studio Refresh bloga stoji tim mladih ljudi koji ima \u017eelju da podigne svest o kosi glave.\" \/>\n<meta name=\"robots\" content=\"index, follow, max-snippet:-1, max-image-preview:large, max-video-preview:-1\" \/>\n<link rel=\"canonical\" href=\"https:\/\/beautystudiorefresh.rs\/blog\/frizerski-salon-u-beogradu\/\" \/>\n<meta property=\"og:locale\" content=\"en_US\" \/>\n<meta property=\"og:type\" content=\"article\" \/>\n<meta property=\"og:title\" content=\"Frizerski salon u Beogradu - Beauty studio Refresh blog - Beauty Studio Refresh blog\" \/>\n<meta property=\"og:description\" content=\"Iza Frizerski salon u Beogradu - Beauty studio Refresh bloga stoji tim mladih ljudi koji ima \u017eelju da podigne svest o kosi glave.\" \/>\n<meta property=\"og:url\" content=\"https:\/\/beautystudiorefresh.rs\/blog\/frizerski-salon-u-beogradu\/\" \/>\n<meta property=\"og:site_name\" content=\"Beauty Studio Refresh blog\" \/>\n<meta property=\"article:publisher\" content=\"https:\/\/www.facebook.com\/BeautyStudioRefresh\/\" \/>\n<meta property=\"article:modified_time\" content=\"2019-04-06T10:59:38+00:00\" \/>\n<meta property=\"og:image\" content=\"http:\/\/beautystudiorefresh.rs\/blog\/wp-content\/uploads\/2018\/02\/17021870_834338230037376_7443113752623548245_n-300x68.jpg\" \/>\n<meta name=\"twitter:card\" content=\"summary_large_image\" \/>\n<meta name=\"twitter:label1\" content=\"Est. reading time\" \/>\n\t<meta name=\"twitter:data1\" content=\"2 minutes\" \/>\n<!-- \/ Yoast SEO plugin. -->","yoast_head_json":{"title":"Frizerski salon u Beogradu - Beauty studio Refresh blog - Beauty Studio Refresh blog","description":"Iza Frizerski salon u Beogradu - Beauty studio Refresh bloga stoji tim mladih ljudi koji ima \u017eelju da podigne svest o kosi glave.","robots":{"index":"index","follow":"follow","max-snippet":"max-snippet:-1","max-image-preview":"max-image-preview:large","max-video-preview":"max-video-preview:-1"},"canonical":"https:\/\/beautystudiorefresh.rs\/blog\/frizerski-salon-u-beogradu\/","og_locale":"en_US","og_type":"article","og_title":"Frizerski salon u Beogradu - Beauty studio Refresh blog - Beauty Studio Refresh blog","og_description":"Iza Frizerski salon u Beogradu - Beauty studio Refresh bloga stoji tim mladih ljudi koji ima \u017eelju da podigne svest o kosi glave.","og_url":"https:\/\/beautystudiorefresh.rs\/blog\/frizerski-salon-u-beogradu\/","og_site_name":"Beauty Studio Refresh blog","article_publisher":"https:\/\/www.facebook.com\/BeautyStudioRefresh\/","article_modified_time":"2019-04-06T10:59:38+00:00","og_image":[{"url":"http:\/\/beautystudiorefresh.rs\/blog\/wp-content\/uploads\/2018\/02\/17021870_834338230037376_7443113752623548245_n-300x68.jpg"}],"twitter_card":"summary_large_image","twitter_misc":{"Est. reading time":"2 minutes"},"schema":{"@context":"https:\/\/schema.org","@graph":[{"@type":"WebPage","@id":"https:\/\/beautystudiorefresh.rs\/blog\/frizerski-salon-u-beogradu\/","url":"https:\/\/beautystudiorefresh.rs\/blog\/frizerski-salon-u-beogradu\/","name":"Frizerski salon u Beogradu - Beauty studio Refresh blog - Beauty Studio Refresh blog","isPartOf":{"@id":"https:\/\/beautystudiorefresh.rs\/blog\/#website"},"primaryImageOfPage":{"@id":"https:\/\/beautystudiorefresh.rs\/blog\/frizerski-salon-u-beogradu\/#primaryimage"},"image":{"@id":"https:\/\/beautystudiorefresh.rs\/blog\/frizerski-salon-u-beogradu\/#primaryimage"},"thumbnailUrl":"http:\/\/beautystudiorefresh.rs\/blog\/wp-content\/uploads\/2018\/02\/17021870_834338230037376_7443113752623548245_n-300x68.jpg","datePublished":"2017-01-25T20:24:26+00:00","dateModified":"2019-04-06T10:59:38+00:00","description":"Iza Frizerski salon u Beogradu - Beauty studio Refresh bloga stoji tim mladih ljudi koji ima \u017eelju da podigne svest o kosi glave.","breadcrumb":{"@id":"https:\/\/beautystudiorefresh.rs\/blog\/frizerski-salon-u-beogradu\/#breadcrumb"},"inLanguage":"en-US","potentialAction":[{"@type":"ReadAction","target":["https:\/\/beautystudiorefresh.rs\/blog\/frizerski-salon-u-beogradu\/"]}]},{"@type":"ImageObject","inLanguage":"en-US","@id":"https:\/\/beautystudiorefresh.rs\/blog\/frizerski-salon-u-beogradu\/#primaryimage","url":"http:\/\/beautystudiorefresh.rs\/blog\/wp-content\/uploads\/2018\/02\/17021870_834338230037376_7443113752623548245_n-300x68.jpg","contentUrl":"http:\/\/beautystudiorefresh.rs\/blog\/wp-content\/uploads\/2018\/02\/17021870_834338230037376_7443113752623548245_n-300x68.jpg"},{"@type":"BreadcrumbList","@id":"https:\/\/beautystudiorefresh.rs\/blog\/frizerski-salon-u-beogradu\/#breadcrumb","itemListElement":[{"@type":"ListItem","position":1,"name":"Home","item":"https:\/\/beautystudiorefresh.rs\/blog\/"},{"@type":"ListItem","position":2,"name":"Frizerski salon u Beogradu &#8211; Beauty studio Refresh blog"}]},{"@type":"WebSite","@id":"https:\/\/beautystudiorefresh.rs\/blog\/#website","url":"https:\/\/beautystudiorefresh.rs\/blog\/","name":"Beauty Studio Refresh blog","description":"Nega, farbanje, \u0161i\u0161anje, stilizovanje kose. Sve za kosu na jednom mestu","publisher":{"@id":"https:\/\/beautystudiorefresh.rs\/blog\/#organization"},"potentialAction":[{"@type":"SearchAction","target":{"@type":"EntryPoint","urlTemplate":"https:\/\/beautystudiorefresh.rs\/blog\/?s={search_term_string}"},"query-input":"required name=search_term_string"}],"inLanguage":"en-US"},{"@type":"Organization","@id":"https:\/\/beautystudiorefresh.rs\/blog\/#organization","name":"Beauty studio Refresh","url":"https:\/\/beautystudiorefresh.rs\/blog\/","logo":{"@type":"ImageObject","inLanguage":"en-US","@id":"https:\/\/beautystudiorefresh.rs\/blog\/#\/schema\/logo\/image\/","url":"https:\/\/beautystudiorefresh.rs\/blog\/wp-content\/uploads\/2017\/01\/cropped-394015_172007246270481_13522921_n.png","contentUrl":"https:\/\/beautystudiorefresh.rs\/blog\/wp-content\/uploads\/2017\/01\/cropped-394015_172007246270481_13522921_n.png","width":1200,"height":280,"caption":"Beauty studio Refresh"},"image":{"@id":"https:\/\/beautystudiorefresh.rs\/blog\/#\/schema\/logo\/image\/"},"sameAs":["https:\/\/www.facebook.com\/BeautyStudioRefresh\/","https:\/\/www.instagram.com\/beautystudiorefresh\/","https:\/\/www.youtube.com\/channel\/UC5sIUx4aFlqvGUf7HW4EWOg"]}]}},"_links":{"self":[{"href":"https:\/\/beautystudiorefresh.rs\/blog\/wp-json\/wp\/v2\/pages\/6"}],"collection":[{"href":"https:\/\/beautystudiorefresh.rs\/blog\/wp-json\/wp\/v2\/pages"}],"about":[{"href":"https:\/\/beautystudiorefresh.rs\/blog\/wp-json\/wp\/v2\/types\/page"}],"author":[{"embeddable":true,"href":"https:\/\/beautystudiorefresh.rs\/blog\/wp-json\/wp\/v2\/users\/1"}],"replies":[{"embeddable":true,"href":"https:\/\/beautystudiorefresh.rs\/blog\/wp-json\/wp\/v2\/comments?post=6"}],"version-history":[{"count":2,"href":"https:\/\/beautystudiorefresh.rs\/blog\/wp-json\/wp\/v2\/pages\/6\/revisions"}],"predecessor-version":[{"id":855,"href":"https:\/\/beautystudiorefresh.rs\/blog\/wp-json\/wp\/v2\/pages\/6\/revisions\/855"}],"wp:attachment":[{"href":"https:\/\/beautystudiorefresh.rs\/blog\/wp-json\/wp\/v2\/media?parent=6"}],"curies":[{"name":"wp","href":"https:\/\/api.w.org\/{rel}","templated":true}]}}